{"id":940,"date":"2024-07-01T14:44:21","date_gmt":"2024-07-01T12:44:21","guid":{"rendered":"https:\/\/www.gruenes-band.eu\/?page_id=940"},"modified":"2024-07-01T14:45:10","modified_gmt":"2024-07-01T12:45:10","slug":"impressum","status":"publish","type":"page","link":"https:\/\/www.gruenes-band.eu\/cz\/impressum\/","title":{"rendered":"Tir\u00e1\u017e"},"content":{"rendered":"<div data-elementor-type=\"wp-page\" data-elementor-id=\"940\" class=\"elementor elementor-940\" data-elementor-post-type=\"page\">\n\t\t\t\t<div class=\"elementor-element elementor-element-ff3a9b8 e-flex e-con-boxed e-con e-parent\" data-id=\"ff3a9b8\" data-element_type=\"container\" data-e-type=\"container\">\n\t\t\t\t\t<div class=\"e-con-inner\">\n\t\t\t\t<div class=\"elementor-element elementor-element-1c9d5ae elementor-widget elementor-widget-text-editor\" data-id=\"1c9d5ae\" data-element_type=\"widget\" data-e-type=\"widget\" data-widget_type=\"text-editor.default\">\n\t\t\t\t<div class=\"elementor-widget-container\">\n\t\t\t\t\t\t\t\t\t<div class=\"bodytext\"><strong>Webovou str\u00e1nku k Zelen\u00e9mu p\u00e1su provozuje Centrum Bavaria Bohemia (CeBB).<br \/><\/strong><\/div><div class=\"bodytext\"><p>Z\u0159izovatelem je obecn\u011b prosp\u011b\u0161n\u00fd spolek \u201eBavaria Bohemia e.V.\u201c, registrovan\u00fd u \u00da\u0159edn\u00edho soudu v Ambergu, \u010d\u00edslo vlo\u017eky VR 40169.<\/p><p><strong>Adresa z\u0159izovatele:<\/strong><br \/>Bavaria Bohemia e.V.<br \/>p\u0159edseda: Thomas Ebeling<br \/>c\/o Centrum Bavaria Bohemia (CeBB)<br \/>Freyung 1<br \/>92539 Sch\u00f6nsee<br \/>tel.: +49 9674 924 877<br \/>fax: +49 9674 913 067<br \/>email:\u00a0<a>info@cebb.de<\/a><\/p><p><strong>Veden\u00ed redakce:<\/strong><br \/>Dr. Veronika Hofinger<br \/>Freyung 1<br \/>92539 Sch\u00f6nsee<br \/>tel.: +49 9674 924 878<br \/>email:\u00a0<a href=\"mailto:veronika.hofinger@cebb.de\" target=\"_blank\" rel=\"noopener\">veronika.hofinger@cebb.de<\/a><\/p><p><strong>Redak\u010dn\u00ed kancel\u00e1\u0159 zeleny-pas.eu<\/strong><br \/>Centrum Bavaria Bohemia (CeBB)<br \/>David Vere\u0161<br \/>Freyung 1<br \/>92539 Sch\u00f6nsee<br \/>tel.: +49 9674 924 879<br \/>e-mail:\u00a0<a href=\"mailto:david.veres@cebb.de\">david.veres@cebb.de<\/a><\/p><p><strong>Prohl\u00e1\u0161en\u00ed:<\/strong><br \/>Cht\u011bli bychom zd\u016fraznit, \u017ee nem\u00e1me \u017e\u00e1dn\u00fd vliv na obsah nebo vzhled str\u00e1nek, na kter\u00e9 jsou uvedeny odkazy. Proto se d\u016frazn\u011b distancujeme od obsah\u016f v\u0161ech str\u00e1nek, na kter\u00e9 odkazujeme. Toto prohl\u00e1\u0161en\u00ed se vztahuje na v\u0161echny odkazy na na\u0161ich str\u00e1nk\u00e1ch a na obsahy str\u00e1nek, na kter\u00e9 jsou uvedeny dal\u0161\u00ed odkazy.<\/p><\/div>\t\t\t\t\t\t\t\t<\/div>\n\t\t\t\t<\/div>\n\t\t\t\t\t<\/div>\n\t\t\t\t<\/div>\n\t\t\t\t<\/div>","protected":false},"excerpt":{"rendered":"<p>Die Webseite zum Gr\u00fcnen Band wird vom Centrum Bavaria Bohemia (CeBB) betreut. Tr\u00e4ger ist der gemeinn\u00fctzige Verein \u201eBavaria Bohemia e.V.\u201c eingetragen beim Amtsgericht der Stadt Amberg, VR 40169 Tr\u00e4ger:Bavaria Bohemia e.V.1. Vorsitzender: Thomas Ebelingc\/o Centrum Bavaria Bohemia (CeBB)Freyung 192539 Sch\u00f6nseeTel.: 09674 \u2013 92 48 77Fax: 0)9674 \u2013 91 30 67E-Mail:\u00a0info@cebb.de Leitung:Dr. Veronika HofingerFreyung 192539 Sch\u00f6nseeTel.: [&hellip;]<\/p>\n","protected":false},"author":2,"featured_media":0,"parent":0,"menu_order":0,"comment_status":"closed","ping_status":"closed","template":"","meta":{"footnotes":""},"class_list":["post-940","page","type-page","status-publish","hentry"],"_links":{"self":[{"href":"https:\/\/www.gruenes-band.eu\/cz\/wp-json\/wp\/v2\/pages\/940","targetHints":{"allow":["GET"]}}],"collection":[{"href":"https:\/\/www.gruenes-band.eu\/cz\/wp-json\/wp\/v2\/pages"}],"about":[{"href":"https:\/\/www.gruenes-band.eu\/cz\/wp-json\/wp\/v2\/types\/page"}],"author":[{"embeddable":true,"href":"https:\/\/www.gruenes-band.eu\/cz\/wp-json\/wp\/v2\/users\/2"}],"replies":[{"embeddable":true,"href":"https:\/\/www.gruenes-band.eu\/cz\/wp-json\/wp\/v2\/comments?post=940"}],"version-history":[{"count":4,"href":"https:\/\/www.gruenes-band.eu\/cz\/wp-json\/wp\/v2\/pages\/940\/revisions"}],"predecessor-version":[{"id":945,"href":"https:\/\/www.gruenes-band.eu\/cz\/wp-json\/wp\/v2\/pages\/940\/revisions\/945"}],"wp:attachment":[{"href":"https:\/\/www.gruenes-band.eu\/cz\/wp-json\/wp\/v2\/media?parent=940"}],"curies":[{"name":"wp","href":"https:\/\/api.w.org\/{rel}","templated":true}]}}